{"id":37,"date":"2023-07-30T18:01:13","date_gmt":"2023-07-30T18:01:13","guid":{"rendered":"http:\/\/royalbus.cz\/?page_id=37"},"modified":"2026-02-08T12:30:57","modified_gmt":"2026-02-08T12:30:57","slug":"vozovy-park","status":"publish","type":"page","link":"http:\/\/royalbus.cz\/o-nas\/vozovy-park\/","title":{"rendered":"Vozov\u00fd park"},"content":{"rendered":"\n<p><strong>NEOPLAN Tourliner<\/strong><\/p>\n\n\n\n<ul>\n<li>50 m\u00edst pro cestuj\u00edc\u00ed<\/li>\n\n\n\n<li>klimatizace<\/li>\n\n\n\n<li>polohovateln\u00e1 sedadla + BEZPE\u010cNOSTN\u00cd P\u00c1SY<\/li>\n\n\n\n<li>WC, TV, DVD, bar, mikrofon pro pr\u016fvodce<\/li>\n\n\n\n<li>velk\u00e9 zavazadlov\u00e9 prostory<\/li>\n\n\n\n<li>ta\u017en\u00e9 za\u0159\u00edzen\u00ed \u2013 vlek na kola<\/li>\n<\/ul>\n\n\n\n<figure class=\"wp-block-gallery has-nested-images columns-default is-cropped wp-block-gallery-1 is-layout-flex\">\n<figure class=\"wp-block-image size-large\"><img decoding=\"async\" loading=\"lazy\" width=\"1024\" height=\"683\" data-id=\"173\"  src=\"http:\/\/royalbus.cz\/wp-content\/uploads\/2026\/01\/1000045799-1024x683.png\" alt=\"\" class=\"wp-image-173\" srcset=\"http:\/\/royalbus.cz\/wp-content\/uploads\/2026\/01\/1000045799-1024x683.png 1024w, http:\/\/royalbus.cz\/wp-content\/uploads\/2026\/01\/1000045799-300x200.png 300w, http:\/\/royalbus.cz\/wp-content\/uploads\/2026\/01\/1000045799-768x512.png 768w, http:\/\/royalbus.cz\/wp-content\/uploads\/2026\/01\/1000045799-850x567.png 850w, http:\/\/royalbus.cz\/wp-content\/uploads\/2026\/01\/1000045799.png 1536w\" sizes=\"(max-width: 1024px) 100vw, 1024px\" \/><\/figure>\n<\/figure>\n\n\n\n<p><strong>BOVA Magic<\/strong><\/p>\n\n\n\n<ul>\n<li>50 m\u00edst pro cestuj\u00edc\u00ed<\/li>\n\n\n\n<li>klimatizace<\/li>\n\n\n\n<li>polohovateln\u00e1 sedadla + BEZPE\u010cNOSTN\u00cd P\u00c1SY<\/li>\n\n\n\n<li>WC, TV, DVD, bar, mikrofon pro pr\u016fvodce<\/li>\n\n\n\n<li>velk\u00e9 zavazadlov\u00e9 prostory<\/li>\n\n\n\n<li>ta\u017en\u00e9 za\u0159\u00edzen\u00ed &#8211; vlek na kola<\/li>\n<\/ul>\n\n\n\n<div class=\"wp-block-group is-layout-constrained\"><div class=\"wp-block-group__inner-container\">\n<figure class=\"wp-block-image size-large is-style-rounded\"><img decoding=\"async\" loading=\"lazy\" width=\"1024\" height=\"683\" src=\"http:\/\/royalbus.cz\/wp-content\/uploads\/2026\/01\/1000045807-1024x683.png\" alt=\"\" class=\"wp-image-175\" srcset=\"http:\/\/royalbus.cz\/wp-content\/uploads\/2026\/01\/1000045807-1024x683.png 1024w, http:\/\/royalbus.cz\/wp-content\/uploads\/2026\/01\/1000045807-300x200.png 300w, http:\/\/royalbus.cz\/wp-content\/uploads\/2026\/01\/1000045807-768x512.png 768w, http:\/\/royalbus.cz\/wp-content\/uploads\/2026\/01\/1000045807-850x567.png 850w, http:\/\/royalbus.cz\/wp-content\/uploads\/2026\/01\/1000045807.png 1536w\" sizes=\"(max-width: 1024px) 100vw, 1024px\" \/><\/figure>\n<\/div><\/div>\n\n\n\n<p>BOVA Futura <\/p>\n\n\n\n<ul>\n<li>50 m\u00edst pro cestuj\u00edc\u00ed<\/li>\n\n\n\n<li>klimatizace<\/li>\n\n\n\n<li>polohovateln\u00e1 sedadla + BEZPE\u010cNOSTN\u00cd P\u00c1SY<\/li>\n\n\n\n<li>WC, TV, DVD, bar, mikrofon pro pr\u016fvodce<\/li>\n\n\n\n<li>velk\u00e9 zavazadlov\u00e9 prostory<\/li>\n\n\n\n<li>ta\u017en\u00e9 za\u0159\u00edzen\u00ed<\/li>\n<\/ul>\n\n\n\n<figure class=\"wp-block-image size-large is-style-default\"><img decoding=\"async\" loading=\"lazy\" width=\"1024\" height=\"683\" src=\"http:\/\/royalbus.cz\/wp-content\/uploads\/2026\/02\/1000047525-1024x683.png\" alt=\"\" class=\"wp-image-182\" srcset=\"http:\/\/royalbus.cz\/wp-content\/uploads\/2026\/02\/1000047525-1024x683.png 1024w, http:\/\/royalbus.cz\/wp-content\/uploads\/2026\/02\/1000047525-300x200.png 300w, http:\/\/royalbus.cz\/wp-content\/uploads\/2026\/02\/1000047525-768x512.png 768w, http:\/\/royalbus.cz\/wp-content\/uploads\/2026\/02\/1000047525-850x567.png 850w, http:\/\/royalbus.cz\/wp-content\/uploads\/2026\/02\/1000047525.png 1536w\" sizes=\"(max-width: 1024px) 100vw, 1024px\" \/><\/figure>\n\n\n\n<p><strong>IVECO Arway<\/strong><\/p>\n\n\n\n<ul>\n<li>50 m\u00edst pro cestuj\u00edc\u00ed<\/li>\n\n\n\n<li>klimatizace<\/li>\n\n\n\n<li>polohovateln\u00e1 sedadla + BEZPE\u010cNOSTN\u00cd P\u00c1SY<\/li>\n\n\n\n<li>ta\u017en\u00e9 za\u0159\u00edzen\u00ed<\/li>\n<\/ul>\n\n\n\n<figure class=\"wp-block-image size-large is-resized is-style-rounded\"><img decoding=\"async\" loading=\"lazy\" src=\"http:\/\/royalbus.cz\/wp-content\/uploads\/2026\/02\/1000047522-1024x683.png\" alt=\"\" class=\"wp-image-183\" width=\"837\" height=\"570\"\/><\/figure>\n\n\n\n<p><strong>FORD Transit<\/strong><\/p>\n\n\n\n<ul>\n<li>17 m\u00edst pro cestuj\u00edc\u00ed<\/li>\n\n\n\n<li>klimatizace<\/li>\n\n\n\n<li>BEZPE\u010cNOSTN\u00cd P\u00c1SY<\/li>\n\n\n\n<li>ta\u017en\u00e9 za\u0159\u00edzen\u00ed<\/li>\n<\/ul>\n\n\n\n<figure class=\"wp-block-image size-large is-resized is-style-rounded\"><img decoding=\"async\" loading=\"lazy\" src=\"http:\/\/royalbus.cz\/wp-content\/uploads\/2026\/02\/1000047532-1024x683.png\" alt=\"\" class=\"wp-image-184\" width=\"737\" height=\"492\" srcset=\"http:\/\/royalbus.cz\/wp-content\/uploads\/2026\/02\/1000047532-1024x683.png 1024w, http:\/\/royalbus.cz\/wp-content\/uploads\/2026\/02\/1000047532-300x200.png 300w, http:\/\/royalbus.cz\/wp-content\/uploads\/2026\/02\/1000047532-768x512.png 768w, http:\/\/royalbus.cz\/wp-content\/uploads\/2026\/02\/1000047532-850x567.png 850w, http:\/\/royalbus.cz\/wp-content\/uploads\/2026\/02\/1000047532.png 1536w\" sizes=\"(max-width: 737px) 100vw, 737px\" \/><\/figure>\n\n\n\n<p><\/p>\n\n\n\n<p>Vlek &#8211; kapacita 40 j\u00edzdn\u00edch kol<\/p>\n\n\n\n<p><\/p>\n\n\n\n<p>Tatra T815 &#8211; skl\u00e1p\u011b\u010d &#8211; nosnost 13 tun<\/p>\n\n\n\n<figure class=\"wp-block-image size-large is-resized\"><img decoding=\"async\" loading=\"lazy\" src=\"http:\/\/royalbus.cz\/wp-content\/uploads\/2026\/02\/1000047535-1024x683.png\" alt=\"\" class=\"wp-image-185\" width=\"833\" height=\"556\" srcset=\"http:\/\/royalbus.cz\/wp-content\/uploads\/2026\/02\/1000047535-1024x683.png 1024w, http:\/\/royalbus.cz\/wp-content\/uploads\/2026\/02\/1000047535-300x200.png 300w, http:\/\/royalbus.cz\/wp-content\/uploads\/2026\/02\/1000047535-768x512.png 768w, http:\/\/royalbus.cz\/wp-content\/uploads\/2026\/02\/1000047535-850x567.png 850w, http:\/\/royalbus.cz\/wp-content\/uploads\/2026\/02\/1000047535.png 1536w\" sizes=\"(max-width: 833px) 100vw, 833px\" \/><\/figure>\n\n\n\n<p><\/p>\n\n\n\n<p><\/p>\n","protected":false},"excerpt":{"rendered":"<p>NEOPLAN Tourliner BOVA Magic BOVA Futura IVECO Arway FORD Transit Vlek &#8211; kapacita 40 j\u00edzdn\u00edch kol Tatra T815 &#8211; skl\u00e1p\u011b\u010d &#8211; nosnost 13 tun<\/p>\n","protected":false},"author":1,"featured_media":0,"parent":0,"menu_order":0,"comment_status":"closed","ping_status":"closed","template":"","meta":[],"_links":{"self":[{"href":"http:\/\/royalbus.cz\/o-nas\/wp-json\/wp\/v2\/pages\/37"}],"collection":[{"href":"http:\/\/royalbus.cz\/o-nas\/wp-json\/wp\/v2\/pages"}],"about":[{"href":"http:\/\/royalbus.cz\/o-nas\/wp-json\/wp\/v2\/types\/page"}],"author":[{"embeddable":true,"href":"http:\/\/royalbus.cz\/o-nas\/wp-json\/wp\/v2\/users\/1"}],"replies":[{"embeddable":true,"href":"http:\/\/royalbus.cz\/o-nas\/wp-json\/wp\/v2\/comments?post=37"}],"version-history":[{"count":18,"href":"http:\/\/royalbus.cz\/o-nas\/wp-json\/wp\/v2\/pages\/37\/revisions"}],"predecessor-version":[{"id":187,"href":"http:\/\/royalbus.cz\/o-nas\/wp-json\/wp\/v2\/pages\/37\/revisions\/187"}],"wp:attachment":[{"href":"http:\/\/royalbus.cz\/o-nas\/wp-json\/wp\/v2\/media?parent=37"}],"curies":[{"name":"wp","href":"https:\/\/api.w.org\/{rel}","templated":true}]}}